{"id":2345,"date":"2022-04-23T12:13:39","date_gmt":"2022-04-23T10:13:39","guid":{"rendered":"http:\/\/www.ephemere.biz\/blog\/?page_id=2345"},"modified":"2024-01-05T12:30:30","modified_gmt":"2024-01-05T11:30:30","slug":"atelier-manga-a-ballainvilliers","status":"publish","type":"page","link":"http:\/\/www.ephemere.biz\/blog\/atelier-manga-a-ballainvilliers\/","title":{"rendered":"Atelier manga \u00e0 Ballainvilliers"},"content":{"rendered":"\n<p>Avril 2022<\/p>\n\n\n\n<h4>Des dessins pour la F\u00eate de la Lecture 2022<\/h4>\n\n\n\n<div style=\"height:50px\" aria-hidden=\"true\" class=\"wp-block-spacer\"><\/div>\n\n\n\n<p>Apr\u00e8s plusieurs reports dus \u00e0 l&rsquo;insupportable microbe particuli\u00e8rement tenace qui nous poursuit depuis quelques mois, j&rsquo;ai fini par rencontrer les ados du Coin Jeun&rsquo;s de Ballainvilliers le 1<sup>er<\/sup> avril 2022.<\/p>\n\n\n\n<div style=\"height:30px\" aria-hidden=\"true\" class=\"wp-block-spacer\"><\/div>\n\n\n\n<p class=\"has-text-align-left\">On aurait pu croire que c&rsquo;\u00e9tait un poisson&#8230; <\/p>\n\n\n\n<div style=\"height:20px\" aria-hidden=\"true\" class=\"wp-block-spacer\"><\/div>\n\n\n\n<div class=\"wp-block-columns\">\n<div class=\"wp-block-column\">\n<div class=\"wp-block-cover aligncenter has-background-dim-30 has-background-dim has-background-gradient has-custom-content-position is-position-top-left\" style=\"min-height:300px\"><span aria-hidden=\"true\" class=\"wp-block-cover__gradient-background\" style=\"background:linear-gradient(135deg,rgb(255,236,160) 23%,rgb(182,227,212) 65%,rgb(25,133,145) 100%)\"><\/span><img loading=\"lazy\" width=\"1500\" height=\"806\" class=\"wp-block-cover__image-background wp-image-2385\" alt=\"\" src=\"http:\/\/www.ephemere.biz\/blog\/wp-content\/uploads\/2022\/04\/11-poisson-avril-2022.jpg\" style=\"object-position:50% 80%\" data-object-fit=\"cover\" data-object-position=\"50% 80%\" srcset=\"http:\/\/www.ephemere.biz\/blog\/wp-content\/uploads\/2022\/04\/11-poisson-avril-2022.jpg 1500w, http:\/\/www.ephemere.biz\/blog\/wp-content\/uploads\/2022\/04\/11-poisson-avril-2022-300x161.jpg 300w, http:\/\/www.ephemere.biz\/blog\/wp-content\/uploads\/2022\/04\/11-poisson-avril-2022-1024x550.jpg 1024w, http:\/\/www.ephemere.biz\/blog\/wp-content\/uploads\/2022\/04\/11-poisson-avril-2022-768x413.jpg 768w\" sizes=\"(max-width: 767px) 89vw, (max-width: 1000px) 54vw, (max-width: 1071px) 543px, 580px\" \/><div class=\"wp-block-cover__inner-container\">\n<p class=\"has-text-align-center has-black-color has-text-color\" style=\"font-size:22px\">&#8230;mais finalement, non.<\/p>\n<\/div><\/div>\n<\/div>\n<\/div>\n\n\n\n<div style=\"height:90px\" aria-hidden=\"true\" class=\"wp-block-spacer\"><\/div>\n\n\n\n<p>Chaleureusement accueilli par Laur\u00e8ne, Maxime et Kl\u00e9den, j&rsquo;ai bri\u00e8vement pr\u00e9sent\u00e9 mon m\u00e9tier \u00e0 la quinzaine de jeunes qui m&rsquo;attendaient un crayon \u00e0 la main, pr\u00eats \u00e0 noircir leur feuille.<\/p>\n\n\n\n<p>Et sans plus attendre, nous avons commenc\u00e9 \u00e0 dessiner.<\/p>\n\n\n\n<div style=\"height:30px\" aria-hidden=\"true\" class=\"wp-block-spacer\"><\/div>\n\n\n\n<div class=\"wp-block-columns\">\n<div class=\"wp-block-column\">\n<div class=\"wp-block-image\"><figure class=\"aligncenter size-large is-resized\"><a href=\"http:\/\/www.ephemere.biz\/blog\/wp-content\/uploads\/2022\/04\/07-ballain-2022.jpg\"><img loading=\"lazy\" src=\"http:\/\/www.ephemere.biz\/blog\/wp-content\/uploads\/2022\/04\/07-ballain-2022-683x1024.jpg\" alt=\"\" class=\"wp-image-2354\" width=\"512\" height=\"768\" srcset=\"http:\/\/www.ephemere.biz\/blog\/wp-content\/uploads\/2022\/04\/07-ballain-2022-683x1024.jpg 683w, http:\/\/www.ephemere.biz\/blog\/wp-content\/uploads\/2022\/04\/07-ballain-2022-200x300.jpg 200w, http:\/\/www.ephemere.biz\/blog\/wp-content\/uploads\/2022\/04\/07-ballain-2022-768x1152.jpg 768w, http:\/\/www.ephemere.biz\/blog\/wp-content\/uploads\/2022\/04\/07-ballain-2022-1024x1536.jpg 1024w, http:\/\/www.ephemere.biz\/blog\/wp-content\/uploads\/2022\/04\/07-ballain-2022.jpg 1200w\" sizes=\"(max-width: 512px) 100vw, 512px\" \/><\/a><\/figure><\/div>\n<\/div>\n<\/div>\n\n\n\n<div style=\"height:70px\" aria-hidden=\"true\" class=\"wp-block-spacer\"><\/div>\n\n\n\n<p>D\u00e8s les premiers traits esquiss\u00e9s sur ma feuille blanche, les participants se sont lanc\u00e9s dans leur crayonn\u00e9.<\/p>\n\n\n\n<div style=\"height:30px\" aria-hidden=\"true\" class=\"wp-block-spacer\"><\/div>\n\n\n\n<div class=\"wp-block-columns alignwide\">\n<div class=\"wp-block-column\">\n<div class=\"wp-block-image\"><figure class=\"aligncenter size-large\"><a href=\"http:\/\/www.ephemere.biz\/blog\/wp-content\/uploads\/2022\/04\/01-ballain-2022.jpg\"><img loading=\"lazy\" width=\"1024\" height=\"683\" src=\"http:\/\/www.ephemere.biz\/blog\/wp-content\/uploads\/2022\/04\/01-ballain-2022-1024x683.jpg\" alt=\"\" class=\"wp-image-2348\" srcset=\"http:\/\/www.ephemere.biz\/blog\/wp-content\/uploads\/2022\/04\/01-ballain-2022-1024x683.jpg 1024w, http:\/\/www.ephemere.biz\/blog\/wp-content\/uploads\/2022\/04\/01-ballain-2022-300x200.jpg 300w, http:\/\/www.ephemere.biz\/blog\/wp-content\/uploads\/2022\/04\/01-ballain-2022-768x512.jpg 768w, http:\/\/www.ephemere.biz\/blog\/wp-content\/uploads\/2022\/04\/01-ballain-2022-1536x1024.jpg 1536w, http:\/\/www.ephemere.biz\/blog\/wp-content\/uploads\/2022\/04\/01-ballain-2022.jpg 1800w\" sizes=\"(max-width: 767px) 89vw, (max-width: 1000px) 54vw, (max-width: 1071px) 543px, 580px\" \/><\/a><\/figure><\/div>\n<\/div>\n\n\n\n<div class=\"wp-block-column\">\n<div class=\"wp-block-image\"><figure class=\"aligncenter size-large\"><a href=\"http:\/\/www.ephemere.biz\/blog\/wp-content\/uploads\/2022\/04\/03-ballain-2022.jpg\"><img loading=\"lazy\" width=\"1024\" height=\"683\" src=\"http:\/\/www.ephemere.biz\/blog\/wp-content\/uploads\/2022\/04\/03-ballain-2022-1024x683.jpg\" alt=\"\" class=\"wp-image-2350\" srcset=\"http:\/\/www.ephemere.biz\/blog\/wp-content\/uploads\/2022\/04\/03-ballain-2022-1024x683.jpg 1024w, http:\/\/www.ephemere.biz\/blog\/wp-content\/uploads\/2022\/04\/03-ballain-2022-300x200.jpg 300w, http:\/\/www.ephemere.biz\/blog\/wp-content\/uploads\/2022\/04\/03-ballain-2022-768x512.jpg 768w, http:\/\/www.ephemere.biz\/blog\/wp-content\/uploads\/2022\/04\/03-ballain-2022-1536x1024.jpg 1536w, http:\/\/www.ephemere.biz\/blog\/wp-content\/uploads\/2022\/04\/03-ballain-2022.jpg 1800w\" sizes=\"(max-width: 767px) 89vw, (max-width: 1000px) 54vw, (max-width: 1071px) 543px, 580px\" \/><\/a><\/figure><\/div>\n<\/div>\n\n\n\n<div class=\"wp-block-column\">\n<div class=\"wp-block-image\"><figure class=\"aligncenter size-large\"><a href=\"http:\/\/www.ephemere.biz\/blog\/wp-content\/uploads\/2022\/04\/02-ballain-2022.jpg\"><img loading=\"lazy\" width=\"1024\" height=\"683\" src=\"http:\/\/www.ephemere.biz\/blog\/wp-content\/uploads\/2022\/04\/02-ballain-2022-1024x683.jpg\" alt=\"\" class=\"wp-image-2349\" srcset=\"http:\/\/www.ephemere.biz\/blog\/wp-content\/uploads\/2022\/04\/02-ballain-2022-1024x683.jpg 1024w, http:\/\/www.ephemere.biz\/blog\/wp-content\/uploads\/2022\/04\/02-ballain-2022-300x200.jpg 300w, http:\/\/www.ephemere.biz\/blog\/wp-content\/uploads\/2022\/04\/02-ballain-2022-768x512.jpg 768w, http:\/\/www.ephemere.biz\/blog\/wp-content\/uploads\/2022\/04\/02-ballain-2022-1536x1024.jpg 1536w, http:\/\/www.ephemere.biz\/blog\/wp-content\/uploads\/2022\/04\/02-ballain-2022.jpg 1800w\" sizes=\"(max-width: 767px) 89vw, (max-width: 1000px) 54vw, (max-width: 1071px) 543px, 580px\" \/><\/a><\/figure><\/div>\n<\/div>\n<\/div>\n\n\n\n<div style=\"height:70px\" aria-hidden=\"true\" class=\"wp-block-spacer\"><\/div>\n\n\n\n<p>Et deux coups de gomme plus tard, quelques explications et trois rectifications&#8230;<\/p>\n\n\n\n<div style=\"height:30px\" aria-hidden=\"true\" class=\"wp-block-spacer\"><\/div>\n\n\n\n<div class=\"wp-block-columns\">\n<div class=\"wp-block-column\">\n<div class=\"wp-block-image\"><figure class=\"aligncenter size-large\"><a href=\"http:\/\/www.ephemere.biz\/blog\/wp-content\/uploads\/2022\/04\/08-ballain-2022.jpg\"><img loading=\"lazy\" width=\"1024\" height=\"683\" src=\"http:\/\/www.ephemere.biz\/blog\/wp-content\/uploads\/2022\/04\/08-ballain-2022-1024x683.jpg\" alt=\"\" class=\"wp-image-2355\" srcset=\"http:\/\/www.ephemere.biz\/blog\/wp-content\/uploads\/2022\/04\/08-ballain-2022-1024x683.jpg 1024w, http:\/\/www.ephemere.biz\/blog\/wp-content\/uploads\/2022\/04\/08-ballain-2022-300x200.jpg 300w, http:\/\/www.ephemere.biz\/blog\/wp-content\/uploads\/2022\/04\/08-ballain-2022-768x512.jpg 768w, http:\/\/www.ephemere.biz\/blog\/wp-content\/uploads\/2022\/04\/08-ballain-2022-1536x1024.jpg 1536w, http:\/\/www.ephemere.biz\/blog\/wp-content\/uploads\/2022\/04\/08-ballain-2022.jpg 1800w\" sizes=\"(max-width: 767px) 89vw, (max-width: 1000px) 54vw, (max-width: 1071px) 543px, 580px\" \/><\/a><\/figure><\/div>\n\n\n\n<p><\/p>\n<\/div>\n\n\n\n<div class=\"wp-block-column\">\n<div class=\"wp-block-image\"><figure class=\"aligncenter size-large\"><a href=\"http:\/\/www.ephemere.biz\/blog\/wp-content\/uploads\/2022\/04\/09-ballain-2022.jpg\"><img loading=\"lazy\" width=\"1024\" height=\"683\" src=\"http:\/\/www.ephemere.biz\/blog\/wp-content\/uploads\/2022\/04\/09-ballain-2022-1024x683.jpg\" alt=\"\" class=\"wp-image-2356\" srcset=\"http:\/\/www.ephemere.biz\/blog\/wp-content\/uploads\/2022\/04\/09-ballain-2022-1024x683.jpg 1024w, http:\/\/www.ephemere.biz\/blog\/wp-content\/uploads\/2022\/04\/09-ballain-2022-300x200.jpg 300w, http:\/\/www.ephemere.biz\/blog\/wp-content\/uploads\/2022\/04\/09-ballain-2022-768x512.jpg 768w, http:\/\/www.ephemere.biz\/blog\/wp-content\/uploads\/2022\/04\/09-ballain-2022-1536x1024.jpg 1536w, http:\/\/www.ephemere.biz\/blog\/wp-content\/uploads\/2022\/04\/09-ballain-2022.jpg 1800w\" sizes=\"(max-width: 767px) 89vw, (max-width: 1000px) 54vw, (max-width: 1071px) 543px, 580px\" \/><\/a><\/figure><\/div>\n\n\n\n<p><\/p>\n<\/div>\n<\/div>\n\n\n\n<div style=\"height:70px\" aria-hidden=\"true\" class=\"wp-block-spacer\"><\/div>\n\n\n\n<p> &#8230;ils ont r\u00e9alis\u00e9 de magnifiques portraits mangas encr\u00e9s au feutre fin.<\/p>\n\n\n\n<div style=\"height:30px\" aria-hidden=\"true\" class=\"wp-block-spacer\"><\/div>\n\n\n\n<div class=\"wp-block-columns\">\n<div class=\"wp-block-column\">\n<div class=\"wp-block-image\"><figure class=\"aligncenter size-large\"><a href=\"http:\/\/www.ephemere.biz\/blog\/wp-content\/uploads\/2022\/04\/04-ballain-2022.jpg\"><img loading=\"lazy\" width=\"683\" height=\"1024\" src=\"http:\/\/www.ephemere.biz\/blog\/wp-content\/uploads\/2022\/04\/04-ballain-2022-683x1024.jpg\" alt=\"\" class=\"wp-image-2351\" srcset=\"http:\/\/www.ephemere.biz\/blog\/wp-content\/uploads\/2022\/04\/04-ballain-2022-683x1024.jpg 683w, http:\/\/www.ephemere.biz\/blog\/wp-content\/uploads\/2022\/04\/04-ballain-2022-200x300.jpg 200w, http:\/\/www.ephemere.biz\/blog\/wp-content\/uploads\/2022\/04\/04-ballain-2022-768x1152.jpg 768w, http:\/\/www.ephemere.biz\/blog\/wp-content\/uploads\/2022\/04\/04-ballain-2022-1024x1536.jpg 1024w, http:\/\/www.ephemere.biz\/blog\/wp-content\/uploads\/2022\/04\/04-ballain-2022.jpg 1200w\" sizes=\"(max-width: 683px) 100vw, 683px\" \/><\/a><\/figure><\/div>\n<\/div>\n\n\n\n<div class=\"wp-block-column\">\n<div class=\"wp-block-image\"><figure class=\"aligncenter size-large\"><a href=\"http:\/\/www.ephemere.biz\/blog\/wp-content\/uploads\/2022\/04\/05-ballain-2022.jpg\"><img loading=\"lazy\" width=\"683\" height=\"1024\" src=\"http:\/\/www.ephemere.biz\/blog\/wp-content\/uploads\/2022\/04\/05-ballain-2022-683x1024.jpg\" alt=\"\" class=\"wp-image-2352\" srcset=\"http:\/\/www.ephemere.biz\/blog\/wp-content\/uploads\/2022\/04\/05-ballain-2022-683x1024.jpg 683w, http:\/\/www.ephemere.biz\/blog\/wp-content\/uploads\/2022\/04\/05-ballain-2022-200x300.jpg 200w, http:\/\/www.ephemere.biz\/blog\/wp-content\/uploads\/2022\/04\/05-ballain-2022-768x1152.jpg 768w, http:\/\/www.ephemere.biz\/blog\/wp-content\/uploads\/2022\/04\/05-ballain-2022-1024x1536.jpg 1024w, http:\/\/www.ephemere.biz\/blog\/wp-content\/uploads\/2022\/04\/05-ballain-2022.jpg 1200w\" sizes=\"(max-width: 683px) 100vw, 683px\" \/><\/a><\/figure><\/div>\n<\/div>\n<\/div>\n\n\n\n<div class=\"wp-block-columns\">\n<div class=\"wp-block-column\">\n<div class=\"wp-block-image\"><figure class=\"aligncenter size-large\"><a href=\"http:\/\/www.ephemere.biz\/blog\/wp-content\/uploads\/2022\/04\/06-ballain-2022.jpg\"><img loading=\"lazy\" width=\"1024\" height=\"683\" src=\"http:\/\/www.ephemere.biz\/blog\/wp-content\/uploads\/2022\/04\/06-ballain-2022-1024x683.jpg\" alt=\"\" class=\"wp-image-2353\" srcset=\"http:\/\/www.ephemere.biz\/blog\/wp-content\/uploads\/2022\/04\/06-ballain-2022-1024x683.jpg 1024w, http:\/\/www.ephemere.biz\/blog\/wp-content\/uploads\/2022\/04\/06-ballain-2022-300x200.jpg 300w, http:\/\/www.ephemere.biz\/blog\/wp-content\/uploads\/2022\/04\/06-ballain-2022-768x512.jpg 768w, http:\/\/www.ephemere.biz\/blog\/wp-content\/uploads\/2022\/04\/06-ballain-2022-1536x1024.jpg 1536w, http:\/\/www.ephemere.biz\/blog\/wp-content\/uploads\/2022\/04\/06-ballain-2022.jpg 1800w\" sizes=\"(max-width: 767px) 89vw, (max-width: 1000px) 54vw, (max-width: 1071px) 543px, 580px\" \/><\/a><\/figure><\/div>\n<\/div>\n\n\n\n<div class=\"wp-block-column\">\n<div class=\"wp-block-image\"><figure class=\"aligncenter size-large\"><a href=\"http:\/\/www.ephemere.biz\/blog\/wp-content\/uploads\/2022\/04\/10-ballain-2022.jpg\"><img loading=\"lazy\" width=\"1024\" height=\"683\" src=\"http:\/\/www.ephemere.biz\/blog\/wp-content\/uploads\/2022\/04\/10-ballain-2022-1024x683.jpg\" alt=\"\" class=\"wp-image-2357\" srcset=\"http:\/\/www.ephemere.biz\/blog\/wp-content\/uploads\/2022\/04\/10-ballain-2022-1024x683.jpg 1024w, http:\/\/www.ephemere.biz\/blog\/wp-content\/uploads\/2022\/04\/10-ballain-2022-300x200.jpg 300w, http:\/\/www.ephemere.biz\/blog\/wp-content\/uploads\/2022\/04\/10-ballain-2022-768x512.jpg 768w, http:\/\/www.ephemere.biz\/blog\/wp-content\/uploads\/2022\/04\/10-ballain-2022-1536x1024.jpg 1536w, http:\/\/www.ephemere.biz\/blog\/wp-content\/uploads\/2022\/04\/10-ballain-2022.jpg 1800w\" sizes=\"(max-width: 767px) 89vw, (max-width: 1000px) 54vw, (max-width: 1071px) 543px, 580px\" \/><\/a><\/figure><\/div>\n<\/div>\n<\/div>\n\n\n\n<div style=\"height:70px\" aria-hidden=\"true\" class=\"wp-block-spacer\"><\/div>\n\n\n\n<p>De belles cr\u00e9ations pour cl\u00f4turer cette f\u00eate de la lecture \u00e0 Ballainvilliers.<\/p>\n\n\n\n<div style=\"height:90px\" aria-hidden=\"true\" class=\"wp-block-spacer\"><\/div>\n","protected":false},"excerpt":{"rendered":"<p>Avril 2022 Des dessins pour la F\u00eate de la Lecture 2022 Apr\u00e8s plusieurs reports dus \u00e0 l&rsquo;insupportable microbe particuli\u00e8rement tenace qui nous poursuit depuis quelques mois, j&rsquo;ai fini par rencontrer les ados du Coin Jeun&rsquo;s de Ballainvilliers le 1er avril 2022. On aurait pu croire que c&rsquo;\u00e9tait un poisson&#8230; Chaleureusement accueilli par Laur\u00e8ne, Maxime et &hellip; <\/p>\n<p class=\"link-more\"><a href=\"http:\/\/www.ephemere.biz\/blog\/atelier-manga-a-ballainvilliers\/\" class=\"more-link\">Continuer la lecture<span class=\"screen-reader-text\"> de &laquo;&nbsp;Atelier manga \u00e0 Ballainvilliers&nbsp;&raquo;<\/span><\/a><\/p>\n","protected":false},"author":1,"featured_media":2383,"parent":0,"menu_order":0,"comment_status":"closed","ping_status":"closed","template":"","meta":[],"_links":{"self":[{"href":"http:\/\/www.ephemere.biz\/blog\/wp-json\/wp\/v2\/pages\/2345"}],"collection":[{"href":"http:\/\/www.ephemere.biz\/blog\/wp-json\/wp\/v2\/pages"}],"about":[{"href":"http:\/\/www.ephemere.biz\/blog\/wp-json\/wp\/v2\/types\/page"}],"author":[{"embeddable":true,"href":"http:\/\/www.ephemere.biz\/blog\/wp-json\/wp\/v2\/users\/1"}],"replies":[{"embeddable":true,"href":"http:\/\/www.ephemere.biz\/blog\/wp-json\/wp\/v2\/comments?post=2345"}],"version-history":[{"count":30,"href":"http:\/\/www.ephemere.biz\/blog\/wp-json\/wp\/v2\/pages\/2345\/revisions"}],"predecessor-version":[{"id":2395,"href":"http:\/\/www.ephemere.biz\/blog\/wp-json\/wp\/v2\/pages\/2345\/revisions\/2395"}],"wp:featuredmedia":[{"embeddable":true,"href":"http:\/\/www.ephemere.biz\/blog\/wp-json\/wp\/v2\/media\/2383"}],"wp:attachment":[{"href":"http:\/\/www.ephemere.biz\/blog\/wp-json\/wp\/v2\/media?parent=2345"}],"curies":[{"name":"wp","href":"https:\/\/api.w.org\/{rel}","templated":true}]}}